
{"id":612,"date":"2018-10-11T03:21:13","date_gmt":"2018-10-11T03:21:13","guid":{"rendered":"https:\/\/lafermeduchasseur.com\/?page_id=612"},"modified":"2018-10-18T13:18:16","modified_gmt":"2018-10-18T13:18:16","slug":"cerf-sika","status":"publish","type":"page","link":"https:\/\/lafermeduchasseur.com\/?page_id=612","title":{"rendered":"CERF SIKA"},"content":{"rendered":"<div class=\"page\" title=\"Page 1\">\n<div class=\"section\">\n<div class=\"layoutArea\">\n<div class=\"column\">\n<h2>Cerf Sika<\/h2>\n<p>Le cerf Sika (Cervus nippon) est une esp\u00e8ce de mammif\u00e8re artiodactyle de la famille des cervid\u00e9s qui vit en Asie. Il est l\u00e9g\u00e8rement plus petit que le daim et poss\u00e8de des bois qui peuvent d\u00e9passer huit cors. Comme le daim, il poss\u00e8de une robe tachet\u00e9e. Le cerf Sika peut \u00eatre facilement confondu avec le cerf Axis, une esp\u00e8ce originaire des for\u00eats claires d\u2019Inde ou de Ceylan.<\/p>\n<p>Le prix de d\u00e9part pour un animal de deux ans est de 1 200 $. Le cerf Sika est g\u00e9n\u00e9ralement un peu plus petit que le cerf de Virginie.<\/p>\n<\/div>\n<\/div>\n<\/div>\n<\/div>\n","protected":false},"excerpt":{"rendered":"<p>Cerf Sika Le cerf Sika (Cervus nippon) est une esp\u00e8ce de mammif\u00e8re artiodactyle de la famille des cervid\u00e9s qui vit en Asie. Il est l\u00e9g\u00e8rement plus petit que le daim et poss\u00e8de des bois qui peuvent d\u00e9passer huit cors. Comme le daim, il poss\u00e8de une robe tachet\u00e9e. Le cerf Sika peut \u00eatre facilement confondu avec [&hellip;]<\/p>\n","protected":false},"author":2,"featured_media":0,"parent":0,"menu_order":0,"comment_status":"closed","ping_status":"closed","template":"","meta":{"footnotes":""},"class_list":["post-612","page","type-page","status-publish","hentry"],"yoast_head":"<!-- This site is optimized with the Yoast SEO plugin v27.4 - https:\/\/yoast.com\/product\/yoast-seo-wordpress\/ -->\n<title>CERF SIKA | La Ferme du chasseur Cerf Sika Le cerf Sika (Cervus nippon) est une esp\u00e8ce de mammif\u00e8re artiodactyle de la famille des cervid\u00e9s qui vit en Asie. Il est l\u00e9g\u00e8rement plus petit<\/title>\n<meta name=\"description\" content=\"Cerf Sika Le cerf Sika (Cervus nippon) est une esp\u00e8ce de mammif\u00e8re artiodactyle de la famille des cervid\u00e9s qui vit en Asie. Il est l\u00e9g\u00e8rement plus petit\" class=\"yoast-seo-meta-tag\" \/>\n<meta name=\"robots\" content=\"index, follow, max-snippet:-1, max-image-preview:large, max-video-preview:-1\" \/>\n<link rel=\"canonical\" href=\"https:\/\/lafermeduchasseur.com\/?page_id=612\" class=\"yoast-seo-meta-tag\" \/>\n<meta property=\"og:locale\" content=\"fr_FR\" class=\"yoast-seo-meta-tag\" \/>\n<meta property=\"og:type\" content=\"article\" class=\"yoast-seo-meta-tag\" \/>\n<meta property=\"og:title\" content=\"CERF SIKA | La Ferme du chasseur Cerf Sika Le cerf Sika (Cervus nippon) est une esp\u00e8ce de mammif\u00e8re artiodactyle de la famille des cervid\u00e9s qui vit en Asie. Il est l\u00e9g\u00e8rement plus petit\" class=\"yoast-seo-meta-tag\" \/>\n<meta property=\"og:description\" content=\"Cerf Sika Le cerf Sika (Cervus nippon) est une esp\u00e8ce de mammif\u00e8re artiodactyle de la famille des cervid\u00e9s qui vit en Asie. Il est l\u00e9g\u00e8rement plus petit\" class=\"yoast-seo-meta-tag\" \/>\n<meta property=\"og:url\" content=\"https:\/\/lafermeduchasseur.com\/?page_id=612\" class=\"yoast-seo-meta-tag\" \/>\n<meta property=\"og:site_name\" content=\"La Ferme du chasseur\" class=\"yoast-seo-meta-tag\" \/>\n<meta property=\"article:modified_time\" content=\"2018-10-18T13:18:16+00:00\" class=\"yoast-seo-meta-tag\" \/>\n<meta name=\"twitter:card\" content=\"summary_large_image\" class=\"yoast-seo-meta-tag\" \/>\n<meta name=\"twitter:label1\" content=\"Dur\u00e9e de lecture estim\u00e9e\" class=\"yoast-seo-meta-tag\" \/>\n\t<meta name=\"twitter:data1\" content=\"1 minute\" class=\"yoast-seo-meta-tag\" \/>\n<script type=\"application\/ld+json\" class=\"yoast-schema-graph\">{\"@context\":\"https:\\\/\\\/schema.org\",\"@graph\":[{\"@type\":\"WebPage\",\"@id\":\"https:\\\/\\\/lafermeduchasseur.com\\\/?page_id=612\",\"url\":\"https:\\\/\\\/lafermeduchasseur.com\\\/?page_id=612\",\"name\":\"CERF SIKA | La Ferme du chasseur Cerf Sika Le cerf Sika (Cervus nippon) est une esp\u00e8ce de mammif\u00e8re artiodactyle de la famille des cervid\u00e9s qui vit en Asie. Il est l\u00e9g\u00e8rement plus petit\",\"isPartOf\":{\"@id\":\"https:\\\/\\\/lafermeduchasseur.com\\\/#website\"},\"datePublished\":\"2018-10-11T03:21:13+00:00\",\"dateModified\":\"2018-10-18T13:18:16+00:00\",\"description\":\"Cerf Sika Le cerf Sika (Cervus nippon) est une esp\u00e8ce de mammif\u00e8re artiodactyle de la famille des cervid\u00e9s qui vit en Asie. Il est l\u00e9g\u00e8rement plus petit\",\"breadcrumb\":{\"@id\":\"https:\\\/\\\/lafermeduchasseur.com\\\/?page_id=612#breadcrumb\"},\"inLanguage\":\"fr-FR\",\"potentialAction\":[{\"@type\":\"ReadAction\",\"target\":[\"https:\\\/\\\/lafermeduchasseur.com\\\/?page_id=612\"]}]},{\"@type\":\"BreadcrumbList\",\"@id\":\"https:\\\/\\\/lafermeduchasseur.com\\\/?page_id=612#breadcrumb\",\"itemListElement\":[{\"@type\":\"ListItem\",\"position\":1,\"name\":\"Accueil\",\"item\":\"https:\\\/\\\/lafermeduchasseur.com\\\/\"},{\"@type\":\"ListItem\",\"position\":2,\"name\":\"CERF SIKA\"}]},{\"@type\":\"WebSite\",\"@id\":\"https:\\\/\\\/lafermeduchasseur.com\\\/#website\",\"url\":\"https:\\\/\\\/lafermeduchasseur.com\\\/\",\"name\":\"La Ferme du chasseur\",\"description\":\"chasse, hunting, deer, chevreuils, cerf, sanglier\",\"potentialAction\":[{\"@type\":\"SearchAction\",\"target\":{\"@type\":\"EntryPoint\",\"urlTemplate\":\"https:\\\/\\\/lafermeduchasseur.com\\\/?s={search_term_string}\"},\"query-input\":{\"@type\":\"PropertyValueSpecification\",\"valueRequired\":true,\"valueName\":\"search_term_string\"}}],\"inLanguage\":\"fr-FR\"}]}<\/script>\n<!-- \/ Yoast SEO plugin. -->","yoast_head_json":{"title":"CERF SIKA | La Ferme du chasseur Cerf Sika Le cerf Sika (Cervus nippon) est une esp\u00e8ce de mammif\u00e8re artiodactyle de la famille des cervid\u00e9s qui vit en Asie. Il est l\u00e9g\u00e8rement plus petit","description":"Cerf Sika Le cerf Sika (Cervus nippon) est une esp\u00e8ce de mammif\u00e8re artiodactyle de la famille des cervid\u00e9s qui vit en Asie. Il est l\u00e9g\u00e8rement plus petit","robots":{"index":"index","follow":"follow","max-snippet":"max-snippet:-1","max-image-preview":"max-image-preview:large","max-video-preview":"max-video-preview:-1"},"canonical":"https:\/\/lafermeduchasseur.com\/?page_id=612","og_locale":"fr_FR","og_type":"article","og_title":"CERF SIKA | La Ferme du chasseur Cerf Sika Le cerf Sika (Cervus nippon) est une esp\u00e8ce de mammif\u00e8re artiodactyle de la famille des cervid\u00e9s qui vit en Asie. Il est l\u00e9g\u00e8rement plus petit","og_description":"Cerf Sika Le cerf Sika (Cervus nippon) est une esp\u00e8ce de mammif\u00e8re artiodactyle de la famille des cervid\u00e9s qui vit en Asie. Il est l\u00e9g\u00e8rement plus petit","og_url":"https:\/\/lafermeduchasseur.com\/?page_id=612","og_site_name":"La Ferme du chasseur","article_modified_time":"2018-10-18T13:18:16+00:00","twitter_card":"summary_large_image","twitter_misc":{"Dur\u00e9e de lecture estim\u00e9e":"1 minute"},"schema":{"@context":"https:\/\/schema.org","@graph":[{"@type":"WebPage","@id":"https:\/\/lafermeduchasseur.com\/?page_id=612","url":"https:\/\/lafermeduchasseur.com\/?page_id=612","name":"CERF SIKA | La Ferme du chasseur Cerf Sika Le cerf Sika (Cervus nippon) est une esp\u00e8ce de mammif\u00e8re artiodactyle de la famille des cervid\u00e9s qui vit en Asie. Il est l\u00e9g\u00e8rement plus petit","isPartOf":{"@id":"https:\/\/lafermeduchasseur.com\/#website"},"datePublished":"2018-10-11T03:21:13+00:00","dateModified":"2018-10-18T13:18:16+00:00","description":"Cerf Sika Le cerf Sika (Cervus nippon) est une esp\u00e8ce de mammif\u00e8re artiodactyle de la famille des cervid\u00e9s qui vit en Asie. Il est l\u00e9g\u00e8rement plus petit","breadcrumb":{"@id":"https:\/\/lafermeduchasseur.com\/?page_id=612#breadcrumb"},"inLanguage":"fr-FR","potentialAction":[{"@type":"ReadAction","target":["https:\/\/lafermeduchasseur.com\/?page_id=612"]}]},{"@type":"BreadcrumbList","@id":"https:\/\/lafermeduchasseur.com\/?page_id=612#breadcrumb","itemListElement":[{"@type":"ListItem","position":1,"name":"Accueil","item":"https:\/\/lafermeduchasseur.com\/"},{"@type":"ListItem","position":2,"name":"CERF SIKA"}]},{"@type":"WebSite","@id":"https:\/\/lafermeduchasseur.com\/#website","url":"https:\/\/lafermeduchasseur.com\/","name":"La Ferme du chasseur","description":"chasse, hunting, deer, chevreuils, cerf, sanglier","potentialAction":[{"@type":"SearchAction","target":{"@type":"EntryPoint","urlTemplate":"https:\/\/lafermeduchasseur.com\/?s={search_term_string}"},"query-input":{"@type":"PropertyValueSpecification","valueRequired":true,"valueName":"search_term_string"}}],"inLanguage":"fr-FR"}]}},"_links":{"self":[{"href":"https:\/\/lafermeduchasseur.com\/index.php?rest_route=\/wp\/v2\/pages\/612","targetHints":{"allow":["GET"]}}],"collection":[{"href":"https:\/\/lafermeduchasseur.com\/index.php?rest_route=\/wp\/v2\/pages"}],"about":[{"href":"https:\/\/lafermeduchasseur.com\/index.php?rest_route=\/wp\/v2\/types\/page"}],"author":[{"embeddable":true,"href":"https:\/\/lafermeduchasseur.com\/index.php?rest_route=\/wp\/v2\/users\/2"}],"replies":[{"embeddable":true,"href":"https:\/\/lafermeduchasseur.com\/index.php?rest_route=%2Fwp%2Fv2%2Fcomments&post=612"}],"version-history":[{"count":2,"href":"https:\/\/lafermeduchasseur.com\/index.php?rest_route=\/wp\/v2\/pages\/612\/revisions"}],"predecessor-version":[{"id":716,"href":"https:\/\/lafermeduchasseur.com\/index.php?rest_route=\/wp\/v2\/pages\/612\/revisions\/716"}],"wp:attachment":[{"href":"https:\/\/lafermeduchasseur.com\/index.php?rest_route=%2Fwp%2Fv2%2Fmedia&parent=612"}],"curies":[{"name":"wp","href":"https:\/\/api.w.org\/{rel}","templated":true}]}}