
{"id":600,"date":"2018-10-11T03:18:42","date_gmt":"2018-10-11T03:18:42","guid":{"rendered":"https:\/\/lafermeduchasseur.com\/?page_id=600"},"modified":"2018-10-25T14:13:07","modified_gmt":"2018-10-25T14:13:07","slug":"dindon-sauvage","status":"publish","type":"page","link":"https:\/\/lafermeduchasseur.com\/?page_id=600","title":{"rendered":"DINDON SAUVAGE"},"content":{"rendered":"<div class=\"page\" title=\"Page 2\">\n<div class=\"section\">\n<div class=\"layoutArea\">\n<div class=\"column\">\n<h1>\nDindon sauvage<\/h1>\n<p><img loading=\"lazy\" decoding=\"async\" class=\"alignright size-medium wp-image-729\" src=\"https:\/\/lafermeduchasseur.com\/wp-content\/uploads\/2018\/10\/P1030176-300x225.jpg\" alt=\"\" width=\"300\" height=\"225\" srcset=\"https:\/\/lafermeduchasseur.com\/wp-content\/uploads\/2018\/10\/P1030176-300x225.jpg 300w, https:\/\/lafermeduchasseur.com\/wp-content\/uploads\/2018\/10\/P1030176-768x576.jpg 768w, https:\/\/lafermeduchasseur.com\/wp-content\/uploads\/2018\/10\/P1030176-1024x768.jpg 1024w, https:\/\/lafermeduchasseur.com\/wp-content\/uploads\/2018\/10\/P1030176-250x188.jpg 250w\" sizes=\"auto, (max-width: 300px) 100vw, 300px\" \/>Le dindon sauvage (Meleagris gallopavo) est une esp\u00e8ce d\u2019oiseaux appartenant \u00e0 la famille des Phasianidae. Son nom scientifique d\u2019esp\u00e8ce se r\u00e9f\u00e8re au coq (genre Gallus) et au paon (genre Pavo) et celui de genre au h\u00e9ros grec M\u00e9l\u00e9agre, dont le destin est plac\u00e9 sous les couleurs du feu, du charbon et de la braise (couleurs de la dinde rouge vif sur fond noir). Ses quatre s\u0153urs, les M\u00e9l\u00e9agrides, furent transform\u00e9es en volailles (probablement des pintades) apr\u00e8s sa mort1.<\/p>\n<p>Les prix des dindons sont de 100 $ pour une femelle, de 150 $ pour un jeune m\u00e2le et de 200 $ pour un m\u00e2le mature.<\/p>\n<\/div>\n<\/div>\n<\/div>\n<\/div>\n","protected":false},"excerpt":{"rendered":"<p>Dindon sauvage Le dindon sauvage (Meleagris gallopavo) est une esp\u00e8ce d\u2019oiseaux appartenant \u00e0 la famille des Phasianidae. Son nom scientifique d\u2019esp\u00e8ce se r\u00e9f\u00e8re au coq (genre Gallus) et au paon (genre Pavo) et celui de genre au h\u00e9ros grec M\u00e9l\u00e9agre, dont le destin est plac\u00e9 sous les couleurs du feu, du charbon et de la [&hellip;]<\/p>\n","protected":false},"author":2,"featured_media":0,"parent":0,"menu_order":0,"comment_status":"closed","ping_status":"closed","template":"","meta":{"footnotes":""},"class_list":["post-600","page","type-page","status-publish","hentry"],"yoast_head":"<!-- This site is optimized with the Yoast SEO plugin v27.4 - https:\/\/yoast.com\/product\/yoast-seo-wordpress\/ -->\n<title>DINDON SAUVAGE | La Ferme du chasseur Dindon sauvage Le dindon sauvage (Meleagris gallopavo) est une esp\u00e8ce d\u2019oiseaux appartenant \u00e0 la famille des Phasianidae. Son nom scientifique d\u2019esp\u00e8ce se<\/title>\n<meta name=\"description\" content=\"Dindon sauvage Le dindon sauvage (Meleagris gallopavo) est une esp\u00e8ce d\u2019oiseaux appartenant \u00e0 la famille des Phasianidae. Son nom scientifique d\u2019esp\u00e8ce se\" class=\"yoast-seo-meta-tag\" \/>\n<meta name=\"robots\" content=\"index, follow, max-snippet:-1, max-image-preview:large, max-video-preview:-1\" \/>\n<link rel=\"canonical\" href=\"https:\/\/lafermeduchasseur.com\/?page_id=600\" class=\"yoast-seo-meta-tag\" \/>\n<meta property=\"og:locale\" content=\"fr_FR\" class=\"yoast-seo-meta-tag\" \/>\n<meta property=\"og:type\" content=\"article\" class=\"yoast-seo-meta-tag\" \/>\n<meta property=\"og:title\" content=\"DINDON SAUVAGE | La Ferme du chasseur Dindon sauvage Le dindon sauvage (Meleagris gallopavo) est une esp\u00e8ce d\u2019oiseaux appartenant \u00e0 la famille des Phasianidae. Son nom scientifique d\u2019esp\u00e8ce se\" class=\"yoast-seo-meta-tag\" \/>\n<meta property=\"og:description\" content=\"Dindon sauvage Le dindon sauvage (Meleagris gallopavo) est une esp\u00e8ce d\u2019oiseaux appartenant \u00e0 la famille des Phasianidae. Son nom scientifique d\u2019esp\u00e8ce se\" class=\"yoast-seo-meta-tag\" \/>\n<meta property=\"og:url\" content=\"https:\/\/lafermeduchasseur.com\/?page_id=600\" class=\"yoast-seo-meta-tag\" \/>\n<meta property=\"og:site_name\" content=\"La Ferme du chasseur\" class=\"yoast-seo-meta-tag\" \/>\n<meta property=\"article:modified_time\" content=\"2018-10-25T14:13:07+00:00\" class=\"yoast-seo-meta-tag\" \/>\n<meta property=\"og:image\" content=\"https:\/\/lafermeduchasseur.com\/wp-content\/uploads\/2018\/10\/P1030176-300x225.jpg\" class=\"yoast-seo-meta-tag\" \/>\n<meta name=\"twitter:card\" content=\"summary_large_image\" class=\"yoast-seo-meta-tag\" \/>\n<meta name=\"twitter:label1\" content=\"Dur\u00e9e de lecture estim\u00e9e\" class=\"yoast-seo-meta-tag\" \/>\n\t<meta name=\"twitter:data1\" content=\"1 minute\" class=\"yoast-seo-meta-tag\" \/>\n<script type=\"application\/ld+json\" class=\"yoast-schema-graph\">{\"@context\":\"https:\\\/\\\/schema.org\",\"@graph\":[{\"@type\":\"WebPage\",\"@id\":\"https:\\\/\\\/lafermeduchasseur.com\\\/?page_id=600\",\"url\":\"https:\\\/\\\/lafermeduchasseur.com\\\/?page_id=600\",\"name\":\"DINDON SAUVAGE | La Ferme du chasseur Dindon sauvage Le dindon sauvage (Meleagris gallopavo) est une esp\u00e8ce d\u2019oiseaux appartenant \u00e0 la famille des Phasianidae. Son nom scientifique d\u2019esp\u00e8ce se\",\"isPartOf\":{\"@id\":\"https:\\\/\\\/lafermeduchasseur.com\\\/#website\"},\"primaryImageOfPage\":{\"@id\":\"https:\\\/\\\/lafermeduchasseur.com\\\/?page_id=600#primaryimage\"},\"image\":{\"@id\":\"https:\\\/\\\/lafermeduchasseur.com\\\/?page_id=600#primaryimage\"},\"thumbnailUrl\":\"https:\\\/\\\/lafermeduchasseur.com\\\/wp-content\\\/uploads\\\/2018\\\/10\\\/P1030176-300x225.jpg\",\"datePublished\":\"2018-10-11T03:18:42+00:00\",\"dateModified\":\"2018-10-25T14:13:07+00:00\",\"description\":\"Dindon sauvage Le dindon sauvage (Meleagris gallopavo) est une esp\u00e8ce d\u2019oiseaux appartenant \u00e0 la famille des Phasianidae. Son nom scientifique d\u2019esp\u00e8ce se\",\"breadcrumb\":{\"@id\":\"https:\\\/\\\/lafermeduchasseur.com\\\/?page_id=600#breadcrumb\"},\"inLanguage\":\"fr-FR\",\"potentialAction\":[{\"@type\":\"ReadAction\",\"target\":[\"https:\\\/\\\/lafermeduchasseur.com\\\/?page_id=600\"]}]},{\"@type\":\"ImageObject\",\"inLanguage\":\"fr-FR\",\"@id\":\"https:\\\/\\\/lafermeduchasseur.com\\\/?page_id=600#primaryimage\",\"url\":\"https:\\\/\\\/lafermeduchasseur.com\\\/wp-content\\\/uploads\\\/2018\\\/10\\\/P1030176.jpg\",\"contentUrl\":\"https:\\\/\\\/lafermeduchasseur.com\\\/wp-content\\\/uploads\\\/2018\\\/10\\\/P1030176.jpg\",\"width\":2560,\"height\":1920},{\"@type\":\"BreadcrumbList\",\"@id\":\"https:\\\/\\\/lafermeduchasseur.com\\\/?page_id=600#breadcrumb\",\"itemListElement\":[{\"@type\":\"ListItem\",\"position\":1,\"name\":\"Accueil\",\"item\":\"https:\\\/\\\/lafermeduchasseur.com\\\/\"},{\"@type\":\"ListItem\",\"position\":2,\"name\":\"DINDON SAUVAGE\"}]},{\"@type\":\"WebSite\",\"@id\":\"https:\\\/\\\/lafermeduchasseur.com\\\/#website\",\"url\":\"https:\\\/\\\/lafermeduchasseur.com\\\/\",\"name\":\"La Ferme du chasseur\",\"description\":\"chasse, hunting, deer, chevreuils, cerf, sanglier\",\"potentialAction\":[{\"@type\":\"SearchAction\",\"target\":{\"@type\":\"EntryPoint\",\"urlTemplate\":\"https:\\\/\\\/lafermeduchasseur.com\\\/?s={search_term_string}\"},\"query-input\":{\"@type\":\"PropertyValueSpecification\",\"valueRequired\":true,\"valueName\":\"search_term_string\"}}],\"inLanguage\":\"fr-FR\"}]}<\/script>\n<!-- \/ Yoast SEO plugin. -->","yoast_head_json":{"title":"DINDON SAUVAGE | La Ferme du chasseur Dindon sauvage Le dindon sauvage (Meleagris gallopavo) est une esp\u00e8ce d\u2019oiseaux appartenant \u00e0 la famille des Phasianidae. Son nom scientifique d\u2019esp\u00e8ce se","description":"Dindon sauvage Le dindon sauvage (Meleagris gallopavo) est une esp\u00e8ce d\u2019oiseaux appartenant \u00e0 la famille des Phasianidae. Son nom scientifique d\u2019esp\u00e8ce se","robots":{"index":"index","follow":"follow","max-snippet":"max-snippet:-1","max-image-preview":"max-image-preview:large","max-video-preview":"max-video-preview:-1"},"canonical":"https:\/\/lafermeduchasseur.com\/?page_id=600","og_locale":"fr_FR","og_type":"article","og_title":"DINDON SAUVAGE | La Ferme du chasseur Dindon sauvage Le dindon sauvage (Meleagris gallopavo) est une esp\u00e8ce d\u2019oiseaux appartenant \u00e0 la famille des Phasianidae. Son nom scientifique d\u2019esp\u00e8ce se","og_description":"Dindon sauvage Le dindon sauvage (Meleagris gallopavo) est une esp\u00e8ce d\u2019oiseaux appartenant \u00e0 la famille des Phasianidae. Son nom scientifique d\u2019esp\u00e8ce se","og_url":"https:\/\/lafermeduchasseur.com\/?page_id=600","og_site_name":"La Ferme du chasseur","article_modified_time":"2018-10-25T14:13:07+00:00","og_image":[{"url":"https:\/\/lafermeduchasseur.com\/wp-content\/uploads\/2018\/10\/P1030176-300x225.jpg","type":"","width":"","height":""}],"twitter_card":"summary_large_image","twitter_misc":{"Dur\u00e9e de lecture estim\u00e9e":"1 minute"},"schema":{"@context":"https:\/\/schema.org","@graph":[{"@type":"WebPage","@id":"https:\/\/lafermeduchasseur.com\/?page_id=600","url":"https:\/\/lafermeduchasseur.com\/?page_id=600","name":"DINDON SAUVAGE | La Ferme du chasseur Dindon sauvage Le dindon sauvage (Meleagris gallopavo) est une esp\u00e8ce d\u2019oiseaux appartenant \u00e0 la famille des Phasianidae. Son nom scientifique d\u2019esp\u00e8ce se","isPartOf":{"@id":"https:\/\/lafermeduchasseur.com\/#website"},"primaryImageOfPage":{"@id":"https:\/\/lafermeduchasseur.com\/?page_id=600#primaryimage"},"image":{"@id":"https:\/\/lafermeduchasseur.com\/?page_id=600#primaryimage"},"thumbnailUrl":"https:\/\/lafermeduchasseur.com\/wp-content\/uploads\/2018\/10\/P1030176-300x225.jpg","datePublished":"2018-10-11T03:18:42+00:00","dateModified":"2018-10-25T14:13:07+00:00","description":"Dindon sauvage Le dindon sauvage (Meleagris gallopavo) est une esp\u00e8ce d\u2019oiseaux appartenant \u00e0 la famille des Phasianidae. Son nom scientifique d\u2019esp\u00e8ce se","breadcrumb":{"@id":"https:\/\/lafermeduchasseur.com\/?page_id=600#breadcrumb"},"inLanguage":"fr-FR","potentialAction":[{"@type":"ReadAction","target":["https:\/\/lafermeduchasseur.com\/?page_id=600"]}]},{"@type":"ImageObject","inLanguage":"fr-FR","@id":"https:\/\/lafermeduchasseur.com\/?page_id=600#primaryimage","url":"https:\/\/lafermeduchasseur.com\/wp-content\/uploads\/2018\/10\/P1030176.jpg","contentUrl":"https:\/\/lafermeduchasseur.com\/wp-content\/uploads\/2018\/10\/P1030176.jpg","width":2560,"height":1920},{"@type":"BreadcrumbList","@id":"https:\/\/lafermeduchasseur.com\/?page_id=600#breadcrumb","itemListElement":[{"@type":"ListItem","position":1,"name":"Accueil","item":"https:\/\/lafermeduchasseur.com\/"},{"@type":"ListItem","position":2,"name":"DINDON SAUVAGE"}]},{"@type":"WebSite","@id":"https:\/\/lafermeduchasseur.com\/#website","url":"https:\/\/lafermeduchasseur.com\/","name":"La Ferme du chasseur","description":"chasse, hunting, deer, chevreuils, cerf, sanglier","potentialAction":[{"@type":"SearchAction","target":{"@type":"EntryPoint","urlTemplate":"https:\/\/lafermeduchasseur.com\/?s={search_term_string}"},"query-input":{"@type":"PropertyValueSpecification","valueRequired":true,"valueName":"search_term_string"}}],"inLanguage":"fr-FR"}]}},"_links":{"self":[{"href":"https:\/\/lafermeduchasseur.com\/index.php?rest_route=\/wp\/v2\/pages\/600","targetHints":{"allow":["GET"]}}],"collection":[{"href":"https:\/\/lafermeduchasseur.com\/index.php?rest_route=\/wp\/v2\/pages"}],"about":[{"href":"https:\/\/lafermeduchasseur.com\/index.php?rest_route=\/wp\/v2\/types\/page"}],"author":[{"embeddable":true,"href":"https:\/\/lafermeduchasseur.com\/index.php?rest_route=\/wp\/v2\/users\/2"}],"replies":[{"embeddable":true,"href":"https:\/\/lafermeduchasseur.com\/index.php?rest_route=%2Fwp%2Fv2%2Fcomments&post=600"}],"version-history":[{"count":5,"href":"https:\/\/lafermeduchasseur.com\/index.php?rest_route=\/wp\/v2\/pages\/600\/revisions"}],"predecessor-version":[{"id":738,"href":"https:\/\/lafermeduchasseur.com\/index.php?rest_route=\/wp\/v2\/pages\/600\/revisions\/738"}],"wp:attachment":[{"href":"https:\/\/lafermeduchasseur.com\/index.php?rest_route=%2Fwp%2Fv2%2Fmedia&parent=600"}],"curies":[{"name":"wp","href":"https:\/\/api.w.org\/{rel}","templated":true}]}}