
{"id":596,"date":"2018-10-11T03:17:55","date_gmt":"2018-10-11T03:17:55","guid":{"rendered":"https:\/\/lafermeduchasseur.com\/?page_id=596"},"modified":"2018-10-15T01:15:12","modified_gmt":"2018-10-15T01:15:12","slug":"wapiti","status":"publish","type":"page","link":"https:\/\/lafermeduchasseur.com\/?page_id=596","title":{"rendered":"WAPITI"},"content":{"rendered":"<div class=\"page\" title=\"Page 2\">\n<div class=\"section\">\n<div class=\"layoutArea\">\n<div class=\"column\">\n<h1>Wapiti<\/h1>\n<p><img loading=\"lazy\" decoding=\"async\" class=\"alignright size-medium wp-image-411\" src=\"https:\/\/lafermeduchasseur.com\/wp-content\/uploads\/2018\/10\/image1-2-e1539051024522-300x184.jpg\" alt=\"\" width=\"300\" height=\"184\" srcset=\"https:\/\/lafermeduchasseur.com\/wp-content\/uploads\/2018\/10\/image1-2-e1539051024522-300x184.jpg 300w, https:\/\/lafermeduchasseur.com\/wp-content\/uploads\/2018\/10\/image1-2-e1539051024522-768x470.jpg 768w, https:\/\/lafermeduchasseur.com\/wp-content\/uploads\/2018\/10\/image1-2-e1539051024522-250x153.jpg 250w, https:\/\/lafermeduchasseur.com\/wp-content\/uploads\/2018\/10\/image1-2-e1539051024522.jpg 957w\" sizes=\"auto, (max-width: 300px) 100vw, 300px\" \/>Le wapiti (Cervus canadensis) est un mammif\u00e8re herbivore de la famille des cervid\u00e9s. Il fait partie des plus grands cervid\u00e9s du monde, avec le sambar mais apr\u00e8s l\u2019\u00e9lan (orignal). Il est presque identique au cerf \u00e9laphe d\u2019Europe, dont il a longtemps \u00e9t\u00e9 consid\u00e9r\u00e9 comme une sous-esp\u00e8ce avant que des indices ADN trouv\u00e9s en 2014 donnent fortement \u00e0 penser qu\u2019il s\u2019agit de deux esp\u00e8ces distinctes. Aux \u00c9tats-Unis, il est appel\u00e9 elk, alors que ce mot d\u00e9signe l\u2019\u00e9lan en Angleterre (lui-m\u00eame appel\u00e9 moose aux \u00c9tats-Unis).<\/p>\n<\/div>\n<\/div>\n<\/div>\n<\/div>\n<div class=\"page\" title=\"Page 3\">\n<div class=\"section\">\n<div class=\"layoutArea\">\n<div class=\"column\">\n<p><img loading=\"lazy\" decoding=\"async\" class=\"alignright size-medium wp-image-684\" src=\"https:\/\/lafermeduchasseur.com\/wp-content\/uploads\/2018\/10\/0-8-300x225.jpeg\" alt=\"\" width=\"300\" height=\"225\" srcset=\"https:\/\/lafermeduchasseur.com\/wp-content\/uploads\/2018\/10\/0-8-300x225.jpeg 300w, https:\/\/lafermeduchasseur.com\/wp-content\/uploads\/2018\/10\/0-8-768x576.jpeg 768w, https:\/\/lafermeduchasseur.com\/wp-content\/uploads\/2018\/10\/0-8-250x188.jpeg 250w, https:\/\/lafermeduchasseur.com\/wp-content\/uploads\/2018\/10\/0-8.jpeg 940w\" sizes=\"auto, (max-width: 300px) 100vw, 300px\" \/>Le prix des wapitis est discut\u00e9 directement avec le client, car il diff\u00e8re beaucoup selon le troph\u00e9e.<\/p>\n<\/div>\n<\/div>\n<\/div>\n<\/div>\n","protected":false},"excerpt":{"rendered":"<p>Wapiti Le wapiti (Cervus canadensis) est un mammif\u00e8re herbivore de la famille des cervid\u00e9s. Il fait partie des plus grands cervid\u00e9s du monde, avec le sambar mais apr\u00e8s l\u2019\u00e9lan (orignal). Il est presque identique au cerf \u00e9laphe d\u2019Europe, dont il a longtemps \u00e9t\u00e9 consid\u00e9r\u00e9 comme une sous-esp\u00e8ce avant que des indices ADN trouv\u00e9s en 2014 [&hellip;]<\/p>\n","protected":false},"author":2,"featured_media":0,"parent":0,"menu_order":0,"comment_status":"closed","ping_status":"closed","template":"","meta":{"footnotes":""},"class_list":["post-596","page","type-page","status-publish","hentry"],"yoast_head":"<!-- This site is optimized with the Yoast SEO plugin v27.4 - https:\/\/yoast.com\/product\/yoast-seo-wordpress\/ -->\n<title>WAPITI | La Ferme du chasseur Wapiti Le wapiti (Cervus canadensis) est un mammif\u00e8re herbivore de la famille des cervid\u00e9s. Il fait partie des plus grands cervid\u00e9s du monde, avec le<\/title>\n<meta name=\"description\" content=\"Wapiti Le wapiti (Cervus canadensis) est un mammif\u00e8re herbivore de la famille des cervid\u00e9s. Il fait partie des plus grands cervid\u00e9s du monde, avec le\" class=\"yoast-seo-meta-tag\" \/>\n<meta name=\"robots\" content=\"index, follow, max-snippet:-1, max-image-preview:large, max-video-preview:-1\" \/>\n<link rel=\"canonical\" href=\"https:\/\/lafermeduchasseur.com\/?page_id=596\" class=\"yoast-seo-meta-tag\" \/>\n<meta property=\"og:locale\" content=\"fr_FR\" class=\"yoast-seo-meta-tag\" \/>\n<meta property=\"og:type\" content=\"article\" class=\"yoast-seo-meta-tag\" \/>\n<meta property=\"og:title\" content=\"WAPITI | La Ferme du chasseur Wapiti Le wapiti (Cervus canadensis) est un mammif\u00e8re herbivore de la famille des cervid\u00e9s. Il fait partie des plus grands cervid\u00e9s du monde, avec le\" class=\"yoast-seo-meta-tag\" \/>\n<meta property=\"og:description\" content=\"Wapiti Le wapiti (Cervus canadensis) est un mammif\u00e8re herbivore de la famille des cervid\u00e9s. Il fait partie des plus grands cervid\u00e9s du monde, avec le\" class=\"yoast-seo-meta-tag\" \/>\n<meta property=\"og:url\" content=\"https:\/\/lafermeduchasseur.com\/?page_id=596\" class=\"yoast-seo-meta-tag\" \/>\n<meta property=\"og:site_name\" content=\"La Ferme du chasseur\" class=\"yoast-seo-meta-tag\" \/>\n<meta property=\"article:modified_time\" content=\"2018-10-15T01:15:12+00:00\" class=\"yoast-seo-meta-tag\" \/>\n<meta property=\"og:image\" content=\"https:\/\/lafermeduchasseur.com\/wp-content\/uploads\/2018\/10\/image1-2-e1539051024522-300x184.jpg\" class=\"yoast-seo-meta-tag\" \/>\n<meta name=\"twitter:card\" content=\"summary_large_image\" class=\"yoast-seo-meta-tag\" \/>\n<meta name=\"twitter:label1\" content=\"Dur\u00e9e de lecture estim\u00e9e\" class=\"yoast-seo-meta-tag\" \/>\n\t<meta name=\"twitter:data1\" content=\"1 minute\" class=\"yoast-seo-meta-tag\" \/>\n<script type=\"application\/ld+json\" class=\"yoast-schema-graph\">{\"@context\":\"https:\\\/\\\/schema.org\",\"@graph\":[{\"@type\":\"WebPage\",\"@id\":\"https:\\\/\\\/lafermeduchasseur.com\\\/?page_id=596\",\"url\":\"https:\\\/\\\/lafermeduchasseur.com\\\/?page_id=596\",\"name\":\"WAPITI | La Ferme du chasseur Wapiti Le wapiti (Cervus canadensis) est un mammif\u00e8re herbivore de la famille des cervid\u00e9s. Il fait partie des plus grands cervid\u00e9s du monde, avec le\",\"isPartOf\":{\"@id\":\"https:\\\/\\\/lafermeduchasseur.com\\\/#website\"},\"primaryImageOfPage\":{\"@id\":\"https:\\\/\\\/lafermeduchasseur.com\\\/?page_id=596#primaryimage\"},\"image\":{\"@id\":\"https:\\\/\\\/lafermeduchasseur.com\\\/?page_id=596#primaryimage\"},\"thumbnailUrl\":\"https:\\\/\\\/lafermeduchasseur.com\\\/wp-content\\\/uploads\\\/2018\\\/10\\\/image1-2-e1539051024522-300x184.jpg\",\"datePublished\":\"2018-10-11T03:17:55+00:00\",\"dateModified\":\"2018-10-15T01:15:12+00:00\",\"description\":\"Wapiti Le wapiti (Cervus canadensis) est un mammif\u00e8re herbivore de la famille des cervid\u00e9s. Il fait partie des plus grands cervid\u00e9s du monde, avec le\",\"breadcrumb\":{\"@id\":\"https:\\\/\\\/lafermeduchasseur.com\\\/?page_id=596#breadcrumb\"},\"inLanguage\":\"fr-FR\",\"potentialAction\":[{\"@type\":\"ReadAction\",\"target\":[\"https:\\\/\\\/lafermeduchasseur.com\\\/?page_id=596\"]}]},{\"@type\":\"ImageObject\",\"inLanguage\":\"fr-FR\",\"@id\":\"https:\\\/\\\/lafermeduchasseur.com\\\/?page_id=596#primaryimage\",\"url\":\"https:\\\/\\\/lafermeduchasseur.com\\\/wp-content\\\/uploads\\\/2018\\\/10\\\/image1-2-e1539051024522.jpg\",\"contentUrl\":\"https:\\\/\\\/lafermeduchasseur.com\\\/wp-content\\\/uploads\\\/2018\\\/10\\\/image1-2-e1539051024522.jpg\",\"width\":957,\"height\":586},{\"@type\":\"BreadcrumbList\",\"@id\":\"https:\\\/\\\/lafermeduchasseur.com\\\/?page_id=596#breadcrumb\",\"itemListElement\":[{\"@type\":\"ListItem\",\"position\":1,\"name\":\"Accueil\",\"item\":\"https:\\\/\\\/lafermeduchasseur.com\\\/\"},{\"@type\":\"ListItem\",\"position\":2,\"name\":\"WAPITI\"}]},{\"@type\":\"WebSite\",\"@id\":\"https:\\\/\\\/lafermeduchasseur.com\\\/#website\",\"url\":\"https:\\\/\\\/lafermeduchasseur.com\\\/\",\"name\":\"La Ferme du chasseur\",\"description\":\"chasse, hunting, deer, chevreuils, cerf, sanglier\",\"potentialAction\":[{\"@type\":\"SearchAction\",\"target\":{\"@type\":\"EntryPoint\",\"urlTemplate\":\"https:\\\/\\\/lafermeduchasseur.com\\\/?s={search_term_string}\"},\"query-input\":{\"@type\":\"PropertyValueSpecification\",\"valueRequired\":true,\"valueName\":\"search_term_string\"}}],\"inLanguage\":\"fr-FR\"}]}<\/script>\n<!-- \/ Yoast SEO plugin. -->","yoast_head_json":{"title":"WAPITI | La Ferme du chasseur Wapiti Le wapiti (Cervus canadensis) est un mammif\u00e8re herbivore de la famille des cervid\u00e9s. Il fait partie des plus grands cervid\u00e9s du monde, avec le","description":"Wapiti Le wapiti (Cervus canadensis) est un mammif\u00e8re herbivore de la famille des cervid\u00e9s. Il fait partie des plus grands cervid\u00e9s du monde, avec le","robots":{"index":"index","follow":"follow","max-snippet":"max-snippet:-1","max-image-preview":"max-image-preview:large","max-video-preview":"max-video-preview:-1"},"canonical":"https:\/\/lafermeduchasseur.com\/?page_id=596","og_locale":"fr_FR","og_type":"article","og_title":"WAPITI | La Ferme du chasseur Wapiti Le wapiti (Cervus canadensis) est un mammif\u00e8re herbivore de la famille des cervid\u00e9s. Il fait partie des plus grands cervid\u00e9s du monde, avec le","og_description":"Wapiti Le wapiti (Cervus canadensis) est un mammif\u00e8re herbivore de la famille des cervid\u00e9s. Il fait partie des plus grands cervid\u00e9s du monde, avec le","og_url":"https:\/\/lafermeduchasseur.com\/?page_id=596","og_site_name":"La Ferme du chasseur","article_modified_time":"2018-10-15T01:15:12+00:00","og_image":[{"url":"https:\/\/lafermeduchasseur.com\/wp-content\/uploads\/2018\/10\/image1-2-e1539051024522-300x184.jpg","type":"","width":"","height":""}],"twitter_card":"summary_large_image","twitter_misc":{"Dur\u00e9e de lecture estim\u00e9e":"1 minute"},"schema":{"@context":"https:\/\/schema.org","@graph":[{"@type":"WebPage","@id":"https:\/\/lafermeduchasseur.com\/?page_id=596","url":"https:\/\/lafermeduchasseur.com\/?page_id=596","name":"WAPITI | La Ferme du chasseur Wapiti Le wapiti (Cervus canadensis) est un mammif\u00e8re herbivore de la famille des cervid\u00e9s. Il fait partie des plus grands cervid\u00e9s du monde, avec le","isPartOf":{"@id":"https:\/\/lafermeduchasseur.com\/#website"},"primaryImageOfPage":{"@id":"https:\/\/lafermeduchasseur.com\/?page_id=596#primaryimage"},"image":{"@id":"https:\/\/lafermeduchasseur.com\/?page_id=596#primaryimage"},"thumbnailUrl":"https:\/\/lafermeduchasseur.com\/wp-content\/uploads\/2018\/10\/image1-2-e1539051024522-300x184.jpg","datePublished":"2018-10-11T03:17:55+00:00","dateModified":"2018-10-15T01:15:12+00:00","description":"Wapiti Le wapiti (Cervus canadensis) est un mammif\u00e8re herbivore de la famille des cervid\u00e9s. Il fait partie des plus grands cervid\u00e9s du monde, avec le","breadcrumb":{"@id":"https:\/\/lafermeduchasseur.com\/?page_id=596#breadcrumb"},"inLanguage":"fr-FR","potentialAction":[{"@type":"ReadAction","target":["https:\/\/lafermeduchasseur.com\/?page_id=596"]}]},{"@type":"ImageObject","inLanguage":"fr-FR","@id":"https:\/\/lafermeduchasseur.com\/?page_id=596#primaryimage","url":"https:\/\/lafermeduchasseur.com\/wp-content\/uploads\/2018\/10\/image1-2-e1539051024522.jpg","contentUrl":"https:\/\/lafermeduchasseur.com\/wp-content\/uploads\/2018\/10\/image1-2-e1539051024522.jpg","width":957,"height":586},{"@type":"BreadcrumbList","@id":"https:\/\/lafermeduchasseur.com\/?page_id=596#breadcrumb","itemListElement":[{"@type":"ListItem","position":1,"name":"Accueil","item":"https:\/\/lafermeduchasseur.com\/"},{"@type":"ListItem","position":2,"name":"WAPITI"}]},{"@type":"WebSite","@id":"https:\/\/lafermeduchasseur.com\/#website","url":"https:\/\/lafermeduchasseur.com\/","name":"La Ferme du chasseur","description":"chasse, hunting, deer, chevreuils, cerf, sanglier","potentialAction":[{"@type":"SearchAction","target":{"@type":"EntryPoint","urlTemplate":"https:\/\/lafermeduchasseur.com\/?s={search_term_string}"},"query-input":{"@type":"PropertyValueSpecification","valueRequired":true,"valueName":"search_term_string"}}],"inLanguage":"fr-FR"}]}},"_links":{"self":[{"href":"https:\/\/lafermeduchasseur.com\/index.php?rest_route=\/wp\/v2\/pages\/596","targetHints":{"allow":["GET"]}}],"collection":[{"href":"https:\/\/lafermeduchasseur.com\/index.php?rest_route=\/wp\/v2\/pages"}],"about":[{"href":"https:\/\/lafermeduchasseur.com\/index.php?rest_route=\/wp\/v2\/types\/page"}],"author":[{"embeddable":true,"href":"https:\/\/lafermeduchasseur.com\/index.php?rest_route=\/wp\/v2\/users\/2"}],"replies":[{"embeddable":true,"href":"https:\/\/lafermeduchasseur.com\/index.php?rest_route=%2Fwp%2Fv2%2Fcomments&post=596"}],"version-history":[{"count":5,"href":"https:\/\/lafermeduchasseur.com\/index.php?rest_route=\/wp\/v2\/pages\/596\/revisions"}],"predecessor-version":[{"id":685,"href":"https:\/\/lafermeduchasseur.com\/index.php?rest_route=\/wp\/v2\/pages\/596\/revisions\/685"}],"wp:attachment":[{"href":"https:\/\/lafermeduchasseur.com\/index.php?rest_route=%2Fwp%2Fv2%2Fmedia&parent=596"}],"curies":[{"name":"wp","href":"https:\/\/api.w.org\/{rel}","templated":true}]}}