
{"id":450,"date":"2018-10-08T23:38:52","date_gmt":"2018-10-08T23:38:52","guid":{"rendered":"https:\/\/lafermeduchasseur.com\/?page_id=450"},"modified":"2025-03-19T18:12:23","modified_gmt":"2025-03-19T18:12:23","slug":"sasa","status":"publish","type":"page","link":"https:\/\/lafermeduchasseur.com\/?page_id=450","title":{"rendered":"\u00c0 PROPOS"},"content":{"rendered":"\n<h1 class=\"wp-block-heading\">QUI SOMMES NOUS?<\/h1>\n\n\n\n<p>La Ferme du Chasseur offre des activit\u00e9s uniques de chasse depuis 1982. Elle offre aux amateurs de chasse, un accueil chaleureux, un territoire giboyeux ainsi qu\u2019une venaison de gros gibiers de qualit\u00e9 (cerfs de Virginie, cerfs rouges, sangliers et autres esp\u00e8ces) ainsi qu\u2019un service impeccable. Le territoire de chasse offert par La Ferme du chasseur, tant \u00e9m\u00e9rites qu\u2019aux chasseurs d\u00e9butants, couvre quelques 120 acres abritant environ 500 t\u00eates de diff\u00e9rents gibiers.<\/p>\n\n\n\n<figure class=\"wp-block-embed is-type-video is-provider-youtube wp-block-embed-youtube wp-embed-aspect-16-9 wp-has-aspect-ratio\"><div class=\"wp-block-embed__wrapper\">\n<iframe loading=\"lazy\" title=\"Quebec Hunting\" width=\"500\" height=\"281\" src=\"https:\/\/www.youtube.com\/embed\/I_q_r4aO_gc?feature=oembed\" frameborder=\"0\" allow=\"accelerometer; autoplay; clipboard-write; encrypted-media; gyroscope; picture-in-picture; web-share\" referrerpolicy=\"strict-origin-when-cross-origin\" allowfullscreen><\/iframe>\n<\/div><\/figure>\n","protected":false},"excerpt":{"rendered":"<p>QUI SOMMES NOUS? La Ferme du Chasseur offre des activit\u00e9s uniques de chasse depuis 1982. Elle offre aux amateurs de chasse, un accueil chaleureux, un territoire giboyeux ainsi qu\u2019une venaison de gros gibiers de qualit\u00e9 (cerfs de Virginie, cerfs rouges, sangliers et autres esp\u00e8ces) ainsi qu\u2019un service impeccable. Le territoire de chasse offert par La [&hellip;]<\/p>\n","protected":false},"author":2,"featured_media":0,"parent":0,"menu_order":0,"comment_status":"closed","ping_status":"closed","template":"","meta":{"footnotes":""},"class_list":["post-450","page","type-page","status-publish","hentry"],"yoast_head":"<!-- This site is optimized with the Yoast SEO plugin v27.4 - https:\/\/yoast.com\/product\/yoast-seo-wordpress\/ -->\n<title>\u00c0 PROPOS | La Ferme du chasseur QUI SOMMES NOUS? La Ferme du Chasseur offre des activit\u00e9s uniques de chasse depuis 1982. Elle offre aux amateurs de chasse, un accueil chaleureux, un<\/title>\n<meta name=\"description\" content=\"QUI SOMMES NOUS? La Ferme du Chasseur offre des activit\u00e9s uniques de chasse depuis 1982. Elle offre aux amateurs de chasse, un accueil chaleureux, un\" class=\"yoast-seo-meta-tag\" \/>\n<meta name=\"robots\" content=\"index, follow, max-snippet:-1, max-image-preview:large, max-video-preview:-1\" \/>\n<link rel=\"canonical\" href=\"https:\/\/lafermeduchasseur.com\/?page_id=450\" class=\"yoast-seo-meta-tag\" \/>\n<meta property=\"og:locale\" content=\"fr_FR\" class=\"yoast-seo-meta-tag\" \/>\n<meta property=\"og:type\" content=\"article\" class=\"yoast-seo-meta-tag\" \/>\n<meta property=\"og:title\" content=\"\u00c0 PROPOS | La Ferme du chasseur QUI SOMMES NOUS? La Ferme du Chasseur offre des activit\u00e9s uniques de chasse depuis 1982. Elle offre aux amateurs de chasse, un accueil chaleureux, un\" class=\"yoast-seo-meta-tag\" \/>\n<meta property=\"og:description\" content=\"QUI SOMMES NOUS? La Ferme du Chasseur offre des activit\u00e9s uniques de chasse depuis 1982. Elle offre aux amateurs de chasse, un accueil chaleureux, un\" class=\"yoast-seo-meta-tag\" \/>\n<meta property=\"og:url\" content=\"https:\/\/lafermeduchasseur.com\/?page_id=450\" class=\"yoast-seo-meta-tag\" \/>\n<meta property=\"og:site_name\" content=\"La Ferme du chasseur\" class=\"yoast-seo-meta-tag\" \/>\n<meta property=\"article:modified_time\" content=\"2025-03-19T18:12:23+00:00\" class=\"yoast-seo-meta-tag\" \/>\n<meta name=\"twitter:card\" content=\"summary_large_image\" class=\"yoast-seo-meta-tag\" \/>\n<meta name=\"twitter:label1\" content=\"Dur\u00e9e de lecture estim\u00e9e\" class=\"yoast-seo-meta-tag\" \/>\n\t<meta name=\"twitter:data1\" content=\"1 minute\" class=\"yoast-seo-meta-tag\" \/>\n<script type=\"application\/ld+json\" class=\"yoast-schema-graph\">{\"@context\":\"https:\\\/\\\/schema.org\",\"@graph\":[{\"@type\":\"WebPage\",\"@id\":\"https:\\\/\\\/lafermeduchasseur.com\\\/?page_id=450\",\"url\":\"https:\\\/\\\/lafermeduchasseur.com\\\/?page_id=450\",\"name\":\"\u00c0 PROPOS | La Ferme du chasseur QUI SOMMES NOUS? La Ferme du Chasseur offre des activit\u00e9s uniques de chasse depuis 1982. Elle offre aux amateurs de chasse, un accueil chaleureux, un\",\"isPartOf\":{\"@id\":\"https:\\\/\\\/lafermeduchasseur.com\\\/#website\"},\"datePublished\":\"2018-10-08T23:38:52+00:00\",\"dateModified\":\"2025-03-19T18:12:23+00:00\",\"description\":\"QUI SOMMES NOUS? La Ferme du Chasseur offre des activit\u00e9s uniques de chasse depuis 1982. Elle offre aux amateurs de chasse, un accueil chaleureux, un\",\"breadcrumb\":{\"@id\":\"https:\\\/\\\/lafermeduchasseur.com\\\/?page_id=450#breadcrumb\"},\"inLanguage\":\"fr-FR\",\"potentialAction\":[{\"@type\":\"ReadAction\",\"target\":[\"https:\\\/\\\/lafermeduchasseur.com\\\/?page_id=450\"]}]},{\"@type\":\"BreadcrumbList\",\"@id\":\"https:\\\/\\\/lafermeduchasseur.com\\\/?page_id=450#breadcrumb\",\"itemListElement\":[{\"@type\":\"ListItem\",\"position\":1,\"name\":\"Accueil\",\"item\":\"https:\\\/\\\/lafermeduchasseur.com\\\/\"},{\"@type\":\"ListItem\",\"position\":2,\"name\":\"\u00c0 PROPOS\"}]},{\"@type\":\"WebSite\",\"@id\":\"https:\\\/\\\/lafermeduchasseur.com\\\/#website\",\"url\":\"https:\\\/\\\/lafermeduchasseur.com\\\/\",\"name\":\"La Ferme du chasseur\",\"description\":\"chasse, hunting, deer, chevreuils, cerf, sanglier\",\"potentialAction\":[{\"@type\":\"SearchAction\",\"target\":{\"@type\":\"EntryPoint\",\"urlTemplate\":\"https:\\\/\\\/lafermeduchasseur.com\\\/?s={search_term_string}\"},\"query-input\":{\"@type\":\"PropertyValueSpecification\",\"valueRequired\":true,\"valueName\":\"search_term_string\"}}],\"inLanguage\":\"fr-FR\"}]}<\/script>\n<!-- \/ Yoast SEO plugin. -->","yoast_head_json":{"title":"\u00c0 PROPOS | La Ferme du chasseur QUI SOMMES NOUS? La Ferme du Chasseur offre des activit\u00e9s uniques de chasse depuis 1982. Elle offre aux amateurs de chasse, un accueil chaleureux, un","description":"QUI SOMMES NOUS? La Ferme du Chasseur offre des activit\u00e9s uniques de chasse depuis 1982. Elle offre aux amateurs de chasse, un accueil chaleureux, un","robots":{"index":"index","follow":"follow","max-snippet":"max-snippet:-1","max-image-preview":"max-image-preview:large","max-video-preview":"max-video-preview:-1"},"canonical":"https:\/\/lafermeduchasseur.com\/?page_id=450","og_locale":"fr_FR","og_type":"article","og_title":"\u00c0 PROPOS | La Ferme du chasseur QUI SOMMES NOUS? La Ferme du Chasseur offre des activit\u00e9s uniques de chasse depuis 1982. Elle offre aux amateurs de chasse, un accueil chaleureux, un","og_description":"QUI SOMMES NOUS? La Ferme du Chasseur offre des activit\u00e9s uniques de chasse depuis 1982. Elle offre aux amateurs de chasse, un accueil chaleureux, un","og_url":"https:\/\/lafermeduchasseur.com\/?page_id=450","og_site_name":"La Ferme du chasseur","article_modified_time":"2025-03-19T18:12:23+00:00","twitter_card":"summary_large_image","twitter_misc":{"Dur\u00e9e de lecture estim\u00e9e":"1 minute"},"schema":{"@context":"https:\/\/schema.org","@graph":[{"@type":"WebPage","@id":"https:\/\/lafermeduchasseur.com\/?page_id=450","url":"https:\/\/lafermeduchasseur.com\/?page_id=450","name":"\u00c0 PROPOS | La Ferme du chasseur QUI SOMMES NOUS? La Ferme du Chasseur offre des activit\u00e9s uniques de chasse depuis 1982. Elle offre aux amateurs de chasse, un accueil chaleureux, un","isPartOf":{"@id":"https:\/\/lafermeduchasseur.com\/#website"},"datePublished":"2018-10-08T23:38:52+00:00","dateModified":"2025-03-19T18:12:23+00:00","description":"QUI SOMMES NOUS? La Ferme du Chasseur offre des activit\u00e9s uniques de chasse depuis 1982. Elle offre aux amateurs de chasse, un accueil chaleureux, un","breadcrumb":{"@id":"https:\/\/lafermeduchasseur.com\/?page_id=450#breadcrumb"},"inLanguage":"fr-FR","potentialAction":[{"@type":"ReadAction","target":["https:\/\/lafermeduchasseur.com\/?page_id=450"]}]},{"@type":"BreadcrumbList","@id":"https:\/\/lafermeduchasseur.com\/?page_id=450#breadcrumb","itemListElement":[{"@type":"ListItem","position":1,"name":"Accueil","item":"https:\/\/lafermeduchasseur.com\/"},{"@type":"ListItem","position":2,"name":"\u00c0 PROPOS"}]},{"@type":"WebSite","@id":"https:\/\/lafermeduchasseur.com\/#website","url":"https:\/\/lafermeduchasseur.com\/","name":"La Ferme du chasseur","description":"chasse, hunting, deer, chevreuils, cerf, sanglier","potentialAction":[{"@type":"SearchAction","target":{"@type":"EntryPoint","urlTemplate":"https:\/\/lafermeduchasseur.com\/?s={search_term_string}"},"query-input":{"@type":"PropertyValueSpecification","valueRequired":true,"valueName":"search_term_string"}}],"inLanguage":"fr-FR"}]}},"_links":{"self":[{"href":"https:\/\/lafermeduchasseur.com\/index.php?rest_route=\/wp\/v2\/pages\/450","targetHints":{"allow":["GET"]}}],"collection":[{"href":"https:\/\/lafermeduchasseur.com\/index.php?rest_route=\/wp\/v2\/pages"}],"about":[{"href":"https:\/\/lafermeduchasseur.com\/index.php?rest_route=\/wp\/v2\/types\/page"}],"author":[{"embeddable":true,"href":"https:\/\/lafermeduchasseur.com\/index.php?rest_route=\/wp\/v2\/users\/2"}],"replies":[{"embeddable":true,"href":"https:\/\/lafermeduchasseur.com\/index.php?rest_route=%2Fwp%2Fv2%2Fcomments&post=450"}],"version-history":[{"count":31,"href":"https:\/\/lafermeduchasseur.com\/index.php?rest_route=\/wp\/v2\/pages\/450\/revisions"}],"predecessor-version":[{"id":983,"href":"https:\/\/lafermeduchasseur.com\/index.php?rest_route=\/wp\/v2\/pages\/450\/revisions\/983"}],"wp:attachment":[{"href":"https:\/\/lafermeduchasseur.com\/index.php?rest_route=%2Fwp%2Fv2%2Fmedia&parent=450"}],"curies":[{"name":"wp","href":"https:\/\/api.w.org\/{rel}","templated":true}]}}